{"id":2278,"date":"2022-10-16T19:24:40","date_gmt":"2022-10-16T17:24:40","guid":{"rendered":"http:\/\/mafeesucree.com\/?page_id=2278"},"modified":"2022-11-01T10:43:05","modified_gmt":"2022-11-01T09:43:05","slug":"gallerie","status":"publish","type":"page","link":"https:\/\/mafeesucree.com\/?page_id=2278","title":{"rendered":"Gallerie"},"content":{"rendered":"[vc_row][vc_column][vc_raw_html]JTVCaW5zdGFncmFtJTIwZmVlZCUzRCUyMjMyMDIlMjIlNUQ=[\/vc_raw_html][\/vc_column][\/vc_row]\n","protected":false},"excerpt":{"rendered":"<p>[vc_row][vc_column][vc_raw_html]JTVCaW5zdGFncmFtJTIwZmVlZCUzRCUyMjMyMDIlMjIlNUQ=[\/vc_raw_html][\/vc_column][\/vc_row]<\/p>\n","protected":false},"author":1,"featured_media":0,"parent":0,"menu_order":0,"comment_status":"closed","ping_status":"closed","template":"","meta":{"footnotes":""},"class_list":["post-2278","page","type-page","status-publish","hentry"],"yoast_head":"<!-- This site is optimized with the Yoast SEO plugin v20.0 - https:\/\/yoast.com\/wordpress\/plugins\/seo\/ -->\n<title>Gallerie - Ma f\u00e9e sucr\u00e9e<\/title>\n<meta name=\"robots\" content=\"index, follow, max-snippet:-1, max-image-preview:large, max-video-preview:-1\" \/>\n<link rel=\"canonical\" href=\"https:\/\/mafeesucree.com\/?page_id=2278\" \/>\n<meta property=\"og:locale\" content=\"fr_FR\" \/>\n<meta property=\"og:type\" content=\"article\" \/>\n<meta property=\"og:title\" content=\"Gallerie - Ma f\u00e9e sucr\u00e9e\" \/>\n<meta property=\"og:description\" content=\"[vc_row][vc_column][vc_raw_html]JTVCaW5zdGFncmFtJTIwZmVlZCUzRCUyMjMyMDIlMjIlNUQ=[\/vc_raw_html][\/vc_column][\/vc_row]\" \/>\n<meta property=\"og:url\" content=\"https:\/\/mafeesucree.com\/?page_id=2278\" \/>\n<meta property=\"og:site_name\" content=\"Ma f\u00e9e sucr\u00e9e\" \/>\n<meta property=\"article:publisher\" content=\"https:\/\/www.facebook.com\/mafeesucree\" \/>\n<meta property=\"article:modified_time\" content=\"2022-11-01T09:43:05+00:00\" \/>\n<meta name=\"twitter:card\" content=\"summary_large_image\" \/>\n<script type=\"application\/ld+json\" class=\"yoast-schema-graph\">{\"@context\":\"https:\/\/schema.org\",\"@graph\":[{\"@type\":\"WebPage\",\"@id\":\"https:\/\/mafeesucree.com\/?page_id=2278\",\"url\":\"https:\/\/mafeesucree.com\/?page_id=2278\",\"name\":\"Gallerie - Ma f\u00e9e sucr\u00e9e\",\"isPartOf\":{\"@id\":\"https:\/\/mafeesucree.com\/#website\"},\"datePublished\":\"2022-10-16T17:24:40+00:00\",\"dateModified\":\"2022-11-01T09:43:05+00:00\",\"breadcrumb\":{\"@id\":\"https:\/\/mafeesucree.com\/?page_id=2278#breadcrumb\"},\"inLanguage\":\"fr-FR\",\"potentialAction\":[{\"@type\":\"ReadAction\",\"target\":[\"https:\/\/mafeesucree.com\/?page_id=2278\"]}]},{\"@type\":\"BreadcrumbList\",\"@id\":\"https:\/\/mafeesucree.com\/?page_id=2278#breadcrumb\",\"itemListElement\":[{\"@type\":\"ListItem\",\"position\":1,\"name\":\"Accueil\",\"item\":\"https:\/\/mafeesucree.com\/\"},{\"@type\":\"ListItem\",\"position\":2,\"name\":\"Gallerie\"}]},{\"@type\":\"WebSite\",\"@id\":\"https:\/\/mafeesucree.com\/#website\",\"url\":\"https:\/\/mafeesucree.com\/\",\"name\":\"Ma f\u00e9e sucr\u00e9e\",\"description\":\"Traiteur, P\u00e2tissier, Ateliers culinaires \u00e0 Voray-sur-l&#039;ognon\",\"publisher\":{\"@id\":\"https:\/\/mafeesucree.com\/#organization\"},\"potentialAction\":[{\"@type\":\"SearchAction\",\"target\":{\"@type\":\"EntryPoint\",\"urlTemplate\":\"https:\/\/mafeesucree.com\/?s={search_term_string}\"},\"query-input\":\"required name=search_term_string\"}],\"inLanguage\":\"fr-FR\"},{\"@type\":\"Organization\",\"@id\":\"https:\/\/mafeesucree.com\/#organization\",\"name\":\"Ma f\u00e9e sucr\u00e9e\",\"url\":\"https:\/\/mafeesucree.com\/\",\"logo\":{\"@type\":\"ImageObject\",\"inLanguage\":\"fr-FR\",\"@id\":\"https:\/\/mafeesucree.com\/#\/schema\/logo\/image\/\",\"url\":\"https:\/\/mafeesucree.com\/wp-content\/uploads\/2022\/11\/logo-v4-1.png\",\"contentUrl\":\"https:\/\/mafeesucree.com\/wp-content\/uploads\/2022\/11\/logo-v4-1.png\",\"width\":4105,\"height\":3097,\"caption\":\"Ma f\u00e9e sucr\u00e9e\"},\"image\":{\"@id\":\"https:\/\/mafeesucree.com\/#\/schema\/logo\/image\/\"},\"sameAs\":[\"https:\/\/www.instagram.com\/mafeesucree\/\",\"https:\/\/www.facebook.com\/mafeesucree\"]}]}<\/script>\n<!-- \/ Yoast SEO plugin. -->","yoast_head_json":{"title":"Gallerie - Ma f\u00e9e sucr\u00e9e","robots":{"index":"index","follow":"follow","max-snippet":"max-snippet:-1","max-image-preview":"max-image-preview:large","max-video-preview":"max-video-preview:-1"},"canonical":"https:\/\/mafeesucree.com\/?page_id=2278","og_locale":"fr_FR","og_type":"article","og_title":"Gallerie - Ma f\u00e9e sucr\u00e9e","og_description":"[vc_row][vc_column][vc_raw_html]JTVCaW5zdGFncmFtJTIwZmVlZCUzRCUyMjMyMDIlMjIlNUQ=[\/vc_raw_html][\/vc_column][\/vc_row]","og_url":"https:\/\/mafeesucree.com\/?page_id=2278","og_site_name":"Ma f\u00e9e sucr\u00e9e","article_publisher":"https:\/\/www.facebook.com\/mafeesucree","article_modified_time":"2022-11-01T09:43:05+00:00","twitter_card":"summary_large_image","schema":{"@context":"https:\/\/schema.org","@graph":[{"@type":"WebPage","@id":"https:\/\/mafeesucree.com\/?page_id=2278","url":"https:\/\/mafeesucree.com\/?page_id=2278","name":"Gallerie - Ma f\u00e9e sucr\u00e9e","isPartOf":{"@id":"https:\/\/mafeesucree.com\/#website"},"datePublished":"2022-10-16T17:24:40+00:00","dateModified":"2022-11-01T09:43:05+00:00","breadcrumb":{"@id":"https:\/\/mafeesucree.com\/?page_id=2278#breadcrumb"},"inLanguage":"fr-FR","potentialAction":[{"@type":"ReadAction","target":["https:\/\/mafeesucree.com\/?page_id=2278"]}]},{"@type":"BreadcrumbList","@id":"https:\/\/mafeesucree.com\/?page_id=2278#breadcrumb","itemListElement":[{"@type":"ListItem","position":1,"name":"Accueil","item":"https:\/\/mafeesucree.com\/"},{"@type":"ListItem","position":2,"name":"Gallerie"}]},{"@type":"WebSite","@id":"https:\/\/mafeesucree.com\/#website","url":"https:\/\/mafeesucree.com\/","name":"Ma f\u00e9e sucr\u00e9e","description":"Traiteur, P\u00e2tissier, Ateliers culinaires \u00e0 Voray-sur-l&#039;ognon","publisher":{"@id":"https:\/\/mafeesucree.com\/#organization"},"potentialAction":[{"@type":"SearchAction","target":{"@type":"EntryPoint","urlTemplate":"https:\/\/mafeesucree.com\/?s={search_term_string}"},"query-input":"required name=search_term_string"}],"inLanguage":"fr-FR"},{"@type":"Organization","@id":"https:\/\/mafeesucree.com\/#organization","name":"Ma f\u00e9e sucr\u00e9e","url":"https:\/\/mafeesucree.com\/","logo":{"@type":"ImageObject","inLanguage":"fr-FR","@id":"https:\/\/mafeesucree.com\/#\/schema\/logo\/image\/","url":"https:\/\/mafeesucree.com\/wp-content\/uploads\/2022\/11\/logo-v4-1.png","contentUrl":"https:\/\/mafeesucree.com\/wp-content\/uploads\/2022\/11\/logo-v4-1.png","width":4105,"height":3097,"caption":"Ma f\u00e9e sucr\u00e9e"},"image":{"@id":"https:\/\/mafeesucree.com\/#\/schema\/logo\/image\/"},"sameAs":["https:\/\/www.instagram.com\/mafeesucree\/","https:\/\/www.facebook.com\/mafeesucree"]}]}},"_links":{"self":[{"href":"https:\/\/mafeesucree.com\/index.php?rest_route=\/wp\/v2\/pages\/2278","targetHints":{"allow":["GET"]}}],"collection":[{"href":"https:\/\/mafeesucree.com\/index.php?rest_route=\/wp\/v2\/pages"}],"about":[{"href":"https:\/\/mafeesucree.com\/index.php?rest_route=\/wp\/v2\/types\/page"}],"author":[{"embeddable":true,"href":"https:\/\/mafeesucree.com\/index.php?rest_route=\/wp\/v2\/users\/1"}],"replies":[{"embeddable":true,"href":"https:\/\/mafeesucree.com\/index.php?rest_route=%2Fwp%2Fv2%2Fcomments&post=2278"}],"version-history":[{"count":2,"href":"https:\/\/mafeesucree.com\/index.php?rest_route=\/wp\/v2\/pages\/2278\/revisions"}],"predecessor-version":[{"id":3203,"href":"https:\/\/mafeesucree.com\/index.php?rest_route=\/wp\/v2\/pages\/2278\/revisions\/3203"}],"wp:attachment":[{"href":"https:\/\/mafeesucree.com\/index.php?rest_route=%2Fwp%2Fv2%2Fmedia&parent=2278"}],"curies":[{"name":"wp","href":"https:\/\/api.w.org\/{rel}","templated":true}]}}